{"id":77,"date":"2017-10-27T21:55:20","date_gmt":"2017-10-27T19:55:20","guid":{"rendered":"https:\/\/echophilparis.fr\/?page_id=77"},"modified":"2019-06-05T16:35:21","modified_gmt":"2019-06-05T14:35:21","slug":"le-chef-dorchestre","status":"publish","type":"page","link":"https:\/\/echophilparis.fr\/?page_id=77","title":{"rendered":"Le chef d&rsquo;orchestre"},"content":{"rendered":"<div class=\"pbs-main-wrapper\"><p><span style=\"font-weight: 400;\"><\/p>\n<p><img loading=\"lazy\" decoding=\"async\" alt class=\"alignleft wp-image-78\" height=\"301\" src=\"https:\/\/echophilparis.fr\/wp-content\/uploads\/2017\/10\/Orchestre-Chantier-Janvier-2016-258-300x200.jpg\" width=\"452\"><\/p>\n<p>Violoniste de formation,<\/span> <b>Nicolas Janssens<\/b><span style=\"font-weight: 400;\"> d\u00e9bute son parcours de musicien avec l\u2019orchestre d\u00e9partemental de l\u2019Aisne. En 2006, il entre en Musicologie \u00e0 la Sorbonne et int\u00e8gre l\u2019Orchestre &amp; Ch\u0153ur Sorbonne Universit\u00e9s (COSU) avec lequel il participe \u00e0 diff\u00e9rentes to<\/span>urn\u00e9es en France et en Europe.  <\/p>\n<p><span style=\"font-weight: 400;\">Apr\u00e8s avoir obtenu un premier prix en musique de chambre et en violon au conservatoire d\u2019Issy-les-Moulineaux, il obtient un premier prix \u00e0 l\u2019unanimit\u00e9 d\u2019analyse musicale au Conservatoire \u00e0 Rayonnement R\u00e9gional de Paris en 2013.<\/span><\/p>\n<p><span style=\"font-weight: 400;\">Nicolas Janssens se perfectionne \u00e0 la direction d\u2019orchestre aupr\u00e8s de Stanislas Renoult et Bruno Gousset.<\/span>&nbsp;<span style=\"font-weight: 400;\">Dipl\u00f4m\u00e9 d\u2019un Master 2 de musicologie &nbsp;(Sorbonne Paris IV) et professeur de musique agr\u00e9g\u00e9, il prend la direction de<a href=\"https:\/\/echophilparis.fr\/?page_id=39\" target=\"_blank\" rel=\"noopener noreferrer\"> l\u2019Echo Philharmonique<\/a> en septembre 2017. Il est \u00e9galement chef de <a href=\"http:\/\/www.lechantier.asso.fr\/culture\/symphonie.php\" target=\"_blank\" rel=\"noopener noreferrer\">l\u2019orchestre symphonique du \u201cChantier\u201d<\/a> depuis 2010 et directeur musical en centre de vacances. Nicolas Janssens dirige aussi r\u00e9guli\u00e8rement des ch\u0153urs et orchestres de jeunes musiciens.<\/span><\/p>\n<\/div>","protected":false},"excerpt":{"rendered":"<p>Violoniste de formation, Nicolas Janssens d\u00e9bute son parcours de musicien avec l\u2019orchestre d\u00e9partemental de l\u2019Aisne. En 2006, il entre en Musicologie \u00e0 la Sorbonne et int\u00e8gre l\u2019Orchestre &amp; Ch\u0153ur Sorbonne Universit\u00e9s (COSU) avec lequel il participe \u00e0 diff\u00e9rentes tourn\u00e9es en France et en Europe. Apr\u00e8s avoir obtenu un premier prix en musique de chambre et <a class=\"more-link\" href=\"https:\/\/echophilparis.fr\/?page_id=77\">Lire plus &#8230;<\/a><\/p>\n","protected":false},"author":4,"featured_media":0,"parent":39,"menu_order":0,"comment_status":"closed","ping_status":"closed","template":"","meta":{"_exactmetrics_skip_tracking":false,"_exactmetrics_sitenote_active":false,"_exactmetrics_sitenote_note":"","_exactmetrics_sitenote_category":0,"footnotes":""},"class_list":["post-77","page","type-page","status-publish","hentry"],"yoast_head":"<!-- This site is optimized with the Yoast SEO plugin v27.4 - https:\/\/yoast.com\/product\/yoast-seo-wordpress\/ -->\n<title>Le chef d&#039;orchestre - L&#039;\u00c9cho Philharmonique \u00ab\u00a0Paris\u00a0\u00bb<\/title>\n<meta name=\"robots\" content=\"index, follow, max-snippet:-1, max-image-preview:large, max-video-preview:-1\" \/>\n<link rel=\"canonical\" href=\"https:\/\/echophilparis.fr\/?page_id=77\" \/>\n<meta property=\"og:locale\" content=\"fr_FR\" \/>\n<meta property=\"og:type\" content=\"article\" \/>\n<meta property=\"og:title\" content=\"Le chef d&#039;orchestre - L&#039;\u00c9cho Philharmonique \u00ab\u00a0Paris\u00a0\u00bb\" \/>\n<meta property=\"og:description\" content=\"Violoniste de formation, Nicolas Janssens d\u00e9bute son parcours de musicien avec l\u2019orchestre d\u00e9partemental de l\u2019Aisne. En 2006, il entre en Musicologie \u00e0 la Sorbonne et int\u00e8gre l\u2019Orchestre &amp; Ch\u0153ur Sorbonne Universit\u00e9s (COSU) avec lequel il participe \u00e0 diff\u00e9rentes tourn\u00e9es en France et en Europe. Apr\u00e8s avoir obtenu un premier prix en musique de chambre et Lire plus ...\" \/>\n<meta property=\"og:url\" content=\"https:\/\/echophilparis.fr\/?page_id=77\" \/>\n<meta property=\"og:site_name\" content=\"L&#039;\u00c9cho Philharmonique \u00ab\u00a0Paris\u00a0\u00bb\" \/>\n<meta property=\"article:publisher\" content=\"https:\/\/fr-fr.facebook.com\/EchoPhilharmoniqueParis\/\" \/>\n<meta property=\"article:modified_time\" content=\"2019-06-05T14:35:21+00:00\" \/>\n<meta property=\"og:image\" content=\"https:\/\/echophilparis.fr\/wp-content\/uploads\/2017\/10\/Orchestre-Chantier-Janvier-2016-258-300x200.jpg\" \/>\n<meta name=\"twitter:card\" content=\"summary_large_image\" \/>\n<meta name=\"twitter:label1\" content=\"Dur\u00e9e de lecture estim\u00e9e\" \/>\n\t<meta name=\"twitter:data1\" content=\"1 minute\" \/>\n<script type=\"application\/ld+json\" class=\"yoast-schema-graph\">{\"@context\":\"https:\\\/\\\/schema.org\",\"@graph\":[{\"@type\":\"WebPage\",\"@id\":\"https:\\\/\\\/echophilparis.fr\\\/?page_id=77\",\"url\":\"https:\\\/\\\/echophilparis.fr\\\/?page_id=77\",\"name\":\"Le chef d'orchestre - L&#039;\u00c9cho Philharmonique \u00ab\u00a0Paris\u00a0\u00bb\",\"isPartOf\":{\"@id\":\"https:\\\/\\\/echophilparis.fr\\\/#website\"},\"primaryImageOfPage\":{\"@id\":\"https:\\\/\\\/echophilparis.fr\\\/?page_id=77#primaryimage\"},\"image\":{\"@id\":\"https:\\\/\\\/echophilparis.fr\\\/?page_id=77#primaryimage\"},\"thumbnailUrl\":\"https:\\\/\\\/echophilparis.fr\\\/wp-content\\\/uploads\\\/2017\\\/10\\\/Orchestre-Chantier-Janvier-2016-258-300x200.jpg\",\"datePublished\":\"2017-10-27T19:55:20+00:00\",\"dateModified\":\"2019-06-05T14:35:21+00:00\",\"breadcrumb\":{\"@id\":\"https:\\\/\\\/echophilparis.fr\\\/?page_id=77#breadcrumb\"},\"inLanguage\":\"fr-FR\",\"potentialAction\":[{\"@type\":\"ReadAction\",\"target\":[\"https:\\\/\\\/echophilparis.fr\\\/?page_id=77\"]}]},{\"@type\":\"ImageObject\",\"inLanguage\":\"fr-FR\",\"@id\":\"https:\\\/\\\/echophilparis.fr\\\/?page_id=77#primaryimage\",\"url\":\"https:\\\/\\\/echophilparis.fr\\\/wp-content\\\/uploads\\\/2017\\\/10\\\/Orchestre-Chantier-Janvier-2016-258-300x200.jpg\",\"contentUrl\":\"https:\\\/\\\/echophilparis.fr\\\/wp-content\\\/uploads\\\/2017\\\/10\\\/Orchestre-Chantier-Janvier-2016-258-300x200.jpg\"},{\"@type\":\"BreadcrumbList\",\"@id\":\"https:\\\/\\\/echophilparis.fr\\\/?page_id=77#breadcrumb\",\"itemListElement\":[{\"@type\":\"ListItem\",\"position\":1,\"name\":\"Accueil\",\"item\":\"https:\\\/\\\/echophilparis.fr\\\/\"},{\"@type\":\"ListItem\",\"position\":2,\"name\":\"L&#8217;orchestre\",\"item\":\"https:\\\/\\\/echophilparis.fr\\\/?page_id=39\"},{\"@type\":\"ListItem\",\"position\":3,\"name\":\"Le chef d&#8217;orchestre\"}]},{\"@type\":\"WebSite\",\"@id\":\"https:\\\/\\\/echophilparis.fr\\\/#website\",\"url\":\"https:\\\/\\\/echophilparis.fr\\\/\",\"name\":\"\u00c9cho Philharmonique\u00a0Paris\",\"description\":\"Orchestre symphonique amateur\",\"publisher\":{\"@id\":\"https:\\\/\\\/echophilparis.fr\\\/#organization\"},\"potentialAction\":[{\"@type\":\"SearchAction\",\"target\":{\"@type\":\"EntryPoint\",\"urlTemplate\":\"https:\\\/\\\/echophilparis.fr\\\/?s={search_term_string}\"},\"query-input\":{\"@type\":\"PropertyValueSpecification\",\"valueRequired\":true,\"valueName\":\"search_term_string\"}}],\"inLanguage\":\"fr-FR\"},{\"@type\":\"Organization\",\"@id\":\"https:\\\/\\\/echophilparis.fr\\\/#organization\",\"name\":\"L'\u00c9cho Philharmonique \u00ab Paris \u00bb\",\"url\":\"https:\\\/\\\/echophilparis.fr\\\/\",\"logo\":{\"@type\":\"ImageObject\",\"inLanguage\":\"fr-FR\",\"@id\":\"https:\\\/\\\/echophilparis.fr\\\/#\\\/schema\\\/logo\\\/image\\\/\",\"url\":\"\",\"contentUrl\":\"\",\"caption\":\"L'\u00c9cho Philharmonique \u00ab Paris \u00bb\"},\"image\":{\"@id\":\"https:\\\/\\\/echophilparis.fr\\\/#\\\/schema\\\/logo\\\/image\\\/\"},\"sameAs\":[\"https:\\\/\\\/fr-fr.facebook.com\\\/EchoPhilharmoniqueParis\\\/\"]}]}<\/script>\n<!-- \/ Yoast SEO plugin. -->","yoast_head_json":{"title":"Le chef d'orchestre - L&#039;\u00c9cho Philharmonique \u00ab\u00a0Paris\u00a0\u00bb","robots":{"index":"index","follow":"follow","max-snippet":"max-snippet:-1","max-image-preview":"max-image-preview:large","max-video-preview":"max-video-preview:-1"},"canonical":"https:\/\/echophilparis.fr\/?page_id=77","og_locale":"fr_FR","og_type":"article","og_title":"Le chef d'orchestre - L&#039;\u00c9cho Philharmonique \u00ab\u00a0Paris\u00a0\u00bb","og_description":"Violoniste de formation, Nicolas Janssens d\u00e9bute son parcours de musicien avec l\u2019orchestre d\u00e9partemental de l\u2019Aisne. En 2006, il entre en Musicologie \u00e0 la Sorbonne et int\u00e8gre l\u2019Orchestre &amp; Ch\u0153ur Sorbonne Universit\u00e9s (COSU) avec lequel il participe \u00e0 diff\u00e9rentes tourn\u00e9es en France et en Europe. Apr\u00e8s avoir obtenu un premier prix en musique de chambre et Lire plus ...","og_url":"https:\/\/echophilparis.fr\/?page_id=77","og_site_name":"L&#039;\u00c9cho Philharmonique \u00ab\u00a0Paris\u00a0\u00bb","article_publisher":"https:\/\/fr-fr.facebook.com\/EchoPhilharmoniqueParis\/","article_modified_time":"2019-06-05T14:35:21+00:00","og_image":[{"url":"https:\/\/echophilparis.fr\/wp-content\/uploads\/2017\/10\/Orchestre-Chantier-Janvier-2016-258-300x200.jpg","type":"","width":"","height":""}],"twitter_card":"summary_large_image","twitter_misc":{"Dur\u00e9e de lecture estim\u00e9e":"1 minute"},"schema":{"@context":"https:\/\/schema.org","@graph":[{"@type":"WebPage","@id":"https:\/\/echophilparis.fr\/?page_id=77","url":"https:\/\/echophilparis.fr\/?page_id=77","name":"Le chef d'orchestre - L&#039;\u00c9cho Philharmonique \u00ab\u00a0Paris\u00a0\u00bb","isPartOf":{"@id":"https:\/\/echophilparis.fr\/#website"},"primaryImageOfPage":{"@id":"https:\/\/echophilparis.fr\/?page_id=77#primaryimage"},"image":{"@id":"https:\/\/echophilparis.fr\/?page_id=77#primaryimage"},"thumbnailUrl":"https:\/\/echophilparis.fr\/wp-content\/uploads\/2017\/10\/Orchestre-Chantier-Janvier-2016-258-300x200.jpg","datePublished":"2017-10-27T19:55:20+00:00","dateModified":"2019-06-05T14:35:21+00:00","breadcrumb":{"@id":"https:\/\/echophilparis.fr\/?page_id=77#breadcrumb"},"inLanguage":"fr-FR","potentialAction":[{"@type":"ReadAction","target":["https:\/\/echophilparis.fr\/?page_id=77"]}]},{"@type":"ImageObject","inLanguage":"fr-FR","@id":"https:\/\/echophilparis.fr\/?page_id=77#primaryimage","url":"https:\/\/echophilparis.fr\/wp-content\/uploads\/2017\/10\/Orchestre-Chantier-Janvier-2016-258-300x200.jpg","contentUrl":"https:\/\/echophilparis.fr\/wp-content\/uploads\/2017\/10\/Orchestre-Chantier-Janvier-2016-258-300x200.jpg"},{"@type":"BreadcrumbList","@id":"https:\/\/echophilparis.fr\/?page_id=77#breadcrumb","itemListElement":[{"@type":"ListItem","position":1,"name":"Accueil","item":"https:\/\/echophilparis.fr\/"},{"@type":"ListItem","position":2,"name":"L&#8217;orchestre","item":"https:\/\/echophilparis.fr\/?page_id=39"},{"@type":"ListItem","position":3,"name":"Le chef d&#8217;orchestre"}]},{"@type":"WebSite","@id":"https:\/\/echophilparis.fr\/#website","url":"https:\/\/echophilparis.fr\/","name":"\u00c9cho Philharmonique\u00a0Paris","description":"Orchestre symphonique amateur","publisher":{"@id":"https:\/\/echophilparis.fr\/#organization"},"potentialAction":[{"@type":"SearchAction","target":{"@type":"EntryPoint","urlTemplate":"https:\/\/echophilparis.fr\/?s={search_term_string}"},"query-input":{"@type":"PropertyValueSpecification","valueRequired":true,"valueName":"search_term_string"}}],"inLanguage":"fr-FR"},{"@type":"Organization","@id":"https:\/\/echophilparis.fr\/#organization","name":"L'\u00c9cho Philharmonique \u00ab Paris \u00bb","url":"https:\/\/echophilparis.fr\/","logo":{"@type":"ImageObject","inLanguage":"fr-FR","@id":"https:\/\/echophilparis.fr\/#\/schema\/logo\/image\/","url":"","contentUrl":"","caption":"L'\u00c9cho Philharmonique \u00ab Paris \u00bb"},"image":{"@id":"https:\/\/echophilparis.fr\/#\/schema\/logo\/image\/"},"sameAs":["https:\/\/fr-fr.facebook.com\/EchoPhilharmoniqueParis\/"]}]}},"_links":{"self":[{"href":"https:\/\/echophilparis.fr\/index.php?rest_route=\/wp\/v2\/pages\/77","targetHints":{"allow":["GET"]}}],"collection":[{"href":"https:\/\/echophilparis.fr\/index.php?rest_route=\/wp\/v2\/pages"}],"about":[{"href":"https:\/\/echophilparis.fr\/index.php?rest_route=\/wp\/v2\/types\/page"}],"author":[{"embeddable":true,"href":"https:\/\/echophilparis.fr\/index.php?rest_route=\/wp\/v2\/users\/4"}],"replies":[{"embeddable":true,"href":"https:\/\/echophilparis.fr\/index.php?rest_route=%2Fwp%2Fv2%2Fcomments&post=77"}],"version-history":[{"count":4,"href":"https:\/\/echophilparis.fr\/index.php?rest_route=\/wp\/v2\/pages\/77\/revisions"}],"predecessor-version":[{"id":238,"href":"https:\/\/echophilparis.fr\/index.php?rest_route=\/wp\/v2\/pages\/77\/revisions\/238"}],"up":[{"embeddable":true,"href":"https:\/\/echophilparis.fr\/index.php?rest_route=\/wp\/v2\/pages\/39"}],"wp:attachment":[{"href":"https:\/\/echophilparis.fr\/index.php?rest_route=%2Fwp%2Fv2%2Fmedia&parent=77"}],"curies":[{"name":"wp","href":"https:\/\/api.w.org\/{rel}","templated":true}]}}