{"id":137,"date":"2018-01-14T18:22:09","date_gmt":"2018-01-14T17:22:09","guid":{"rendered":"https:\/\/echophilparis.fr\/?page_id=137"},"modified":"2022-05-15T15:44:23","modified_gmt":"2022-05-15T13:44:23","slug":"videos","status":"publish","type":"page","link":"https:\/\/echophilparis.fr\/?page_id=137","title":{"rendered":"Vid\u00e9os"},"content":{"rendered":"<div class=\"pbs-main-wrapper\"><p><\/p>\n<h3 class=\"wp-block-heading\"><strong>Concerto pour Violon de Mendelssohn<\/strong> &#8211; Janvier 2022<\/h3>\n<p><\/p>\n<p><\/p>\n<p><strong>Soliste<\/strong> : Lilya Chifman <\/p>\n<p><\/p>\n<p><p>\n<iframe loading=\"lazy\" src=\"https:\/\/www.facebook.com\/plugins\/video.php?height=314&#038;href=https%3A%2F%2Fwww.facebook.com%2FEchoPhilharmoniqueParis%2Fvideos%2F360446669333567%2F&#038;show_text=false&#038;width=560&#038;t=0\" width=\"560\" height=\"314\" style=\"border:none;overflow:hidden\" scrolling=\"no\" frameborder=\"0\" allowfullscreen=\"true\" allow=\"autoplay; clipboard-write; encrypted-media; picture-in-picture; web-share\"><\/iframe><\/p>\n<\/p>\n<p><\/p>\n<h3 class=\"wp-block-heading\">Dans les steppes de l&rsquo;Asie centrale, Alexandre Borodine &#8211; Confinement, printemps 2020<\/h3>\n<p><\/p>\n<p><p>\n<iframe loading=\"lazy\" title=\"L&#039;Echo Philharmonique en confinement\" width=\"780\" height=\"439\" src=\"https:\/\/www.youtube.com\/embed\/Em0gc_9NKjw?feature=oembed\" frameborder=\"0\" allow=\"accelerometer; autoplay; clipboard-write; encrypted-media; gyroscope; picture-in-picture\" allowfullscreen><\/iframe><\/p>\n<\/p>\n<p><\/p>\n<h3 class=\"wp-block-heading\">Concerto pour violoncelle de Saint-Sa\u00ebns &#8211; Eglise Saint-Ambroise, f\u00e9vrier 2020<\/h3>\n<p><\/p>\n<p><\/p>\n<p>Soliste Romain Chauvet<\/p>\n<p><\/p>\n<p><p>\n<iframe loading=\"lazy\" title=\"Echo Philharmonique, Concerto pour violoncelle de Saint-Saens\" width=\"780\" height=\"439\" src=\"https:\/\/www.youtube.com\/embed\/N9cCWRZHruk?feature=oembed\" frameborder=\"0\" allow=\"accelerometer; autoplay; clipboard-write; encrypted-media; gyroscope; picture-in-picture\" allowfullscreen><\/iframe><\/p>\n<\/p>\n<p><\/p>\n<h3 class=\"wp-block-heading\">Concert d&rsquo;\u00e9t\u00e9 au square Gardette \u00e0 Paris, juin 2019<\/h3>\n<p><\/p>\n<p><\/p>\n<ul class=\"wp-block-list\">\n<li>\n<h4>Brahms, S\u00e9r\u00e9nade n\u00b01<\/h4>\n<\/li>\n<\/ul>\n<p><\/p>\n<p><p>\n<iframe loading=\"lazy\" src=\"https:\/\/www.facebook.com\/plugins\/video.php?height=314&#038;href=https%3A%2F%2Fwww.facebook.com%2FEchoPhilharmoniqueParis%2Fvideos%2F2285561041527573%2F&#038;show_text=false&#038;width=560&#038;t=0\" width=\"560\" height=\"314\" style=\"border:none;overflow:hidden\" scrolling=\"no\" frameborder=\"0\" allowfullscreen=\"true\" allow=\"autoplay; clipboard-write; encrypted-media; picture-in-picture; web-share\"><\/iframe><\/p>\n<\/p>\n<p><\/p>\n<ul class=\"wp-block-list\">\n<li>\n<h4>Extrait de la Suite Holberg de Grieg<\/h4>\n<\/li>\n<\/ul>\n<p><\/p>\n<p><p>\n<iframe loading=\"lazy\" src=\"https:\/\/www.facebook.com\/plugins\/video.php?height=314&#038;href=https%3A%2F%2Fwww.facebook.com%2FEchoPhilharmoniqueParis%2Fvideos%2F328456478106966%2F&#038;show_text=false&#038;width=560&#038;t=0\" width=\"560\" height=\"314\" style=\"border:none;overflow:hidden\" scrolling=\"no\" frameborder=\"0\" allowfullscreen=\"true\" allow=\"autoplay; clipboard-write; encrypted-media; picture-in-picture; web-share\"><\/iframe><\/p>\n<\/p>\n<p><\/p>\n<ul class=\"wp-block-list\">\n<li>\n<h4>Ouverture du Barbier de S\u00e9ville de Rossini<\/h4>\n<\/li>\n<\/ul>\n<p><\/p>\n<p><p>\n<iframe loading=\"lazy\" src=\"https:\/\/www.facebook.com\/plugins\/video.php?height=314&#038;href=https%3A%2F%2Fwww.facebook.com%2FEchoPhilharmoniqueParis%2Fvideos%2F2402253590062840%2F&#038;show_text=false&#038;width=560&#038;t=0\" width=\"560\" height=\"314\" style=\"border:none;overflow:hidden\" scrolling=\"no\" frameborder=\"0\" allowfullscreen=\"true\" allow=\"autoplay; clipboard-write; encrypted-media; picture-in-picture; web-share\"><\/iframe><\/p>\n<\/p>\n<p><\/p>\n<h3 class=\"wp-block-heading\">Quelques extraits du concert d&rsquo;avril 2016 \u00e0 l&rsquo;\u00e9glise Sainte-Genevi\u00e8ve des grandes Carri\u00e8res \u00e0 Paris<\/h3>\n<p><\/p>\n<p><\/p>\n<ul class=\"wp-block-list\">\n<li>\n<h4>Danses de Debussy<\/h4>\n<\/li>\n<\/ul>\n<p><\/p>\n<p><p>\n<iframe loading=\"lazy\" src=\"https:\/\/www.facebook.com\/plugins\/video.php?height=373&#038;href=https%3A%2F%2Fwww.facebook.com%2FEchoPhilharmoniqueParis%2Fvideos%2F1034254459991663%2F&#038;show_text=false&#038;width=560&#038;t=0\" width=\"560\" height=\"373\" style=\"border:none;overflow:hidden\" scrolling=\"no\" frameborder=\"0\" allowfullscreen=\"true\" allow=\"autoplay; clipboard-write; encrypted-media; picture-in-picture; web-share\"><\/iframe><\/p>\n<\/p>\n<p><\/p>\n<ul class=\"wp-block-list\">\n<li>\n<h4>Agnus Dei de Schubert<\/h4>\n<\/li>\n<\/ul>\n<p><\/p>\n<p><p>\n<iframe loading=\"lazy\" src=\"https:\/\/www.facebook.com\/plugins\/video.php?height=373&#038;href=https%3A%2F%2Fwww.facebook.com%2FEchoPhilharmoniqueParis%2Fvideos%2F1034251516658624%2F&#038;show_text=false&#038;width=560&#038;t=0\" width=\"560\" height=\"373\" style=\"border:none;overflow:hidden\" scrolling=\"no\" frameborder=\"0\" allowfullscreen=\"true\" allow=\"autoplay; clipboard-write; encrypted-media; picture-in-picture; web-share\"><\/iframe><\/p>\n<\/p>\n<p><\/p>\n<ul class=\"wp-block-list\">\n<li>\n<h4>La mort de M\u00e9lisande &#8211; Pell\u00e9as et M\u00e9lisande, Gabriel Faur\u00e9<\/h4>\n<\/li>\n<\/ul>\n<p><\/p>\n<p><p>\n<iframe loading=\"lazy\" src=\"https:\/\/www.facebook.com\/plugins\/video.php?height=373&#038;href=https%3A%2F%2Fwww.facebook.com%2FEchoPhilharmoniqueParis%2Fvideos%2F1034250256658750%2F&#038;show_text=false&#038;width=560&#038;t=0\" width=\"560\" height=\"373\" style=\"border:none;overflow:hidden\" scrolling=\"no\" frameborder=\"0\" allowfullscreen=\"true\" allow=\"autoplay; clipboard-write; encrypted-media; picture-in-picture; web-share\"><\/iframe><\/p>\n<\/p>\n<\/div>","protected":false},"excerpt":{"rendered":"<p>Concerto pour Violon de Mendelssohn &#8211; Janvier 2022 Soliste : Lilya Chifman Dans les steppes de l&rsquo;Asie centrale, Alexandre Borodine &#8211; Confinement, printemps 2020 Concerto pour violoncelle de Saint-Sa\u00ebns &#8211; Eglise Saint-Ambroise, f\u00e9vrier 2020 Soliste Romain Chauvet Concert d&rsquo;\u00e9t\u00e9 au square Gardette \u00e0 Paris, juin 2019 Brahms, S\u00e9r\u00e9nade n\u00b01 Extrait de la Suite Holberg de <a class=\"more-link\" href=\"https:\/\/echophilparis.fr\/?page_id=137\">Lire plus &#8230;<\/a><\/p>\n","protected":false},"author":4,"featured_media":0,"parent":46,"menu_order":0,"comment_status":"closed","ping_status":"closed","template":"","meta":{"_exactmetrics_skip_tracking":false,"_exactmetrics_sitenote_active":false,"_exactmetrics_sitenote_note":"","_exactmetrics_sitenote_category":0,"footnotes":""},"class_list":["post-137","page","type-page","status-publish","hentry"],"yoast_head":"<!-- This site is optimized with the Yoast SEO plugin v27.4 - https:\/\/yoast.com\/product\/yoast-seo-wordpress\/ -->\n<title>Vid\u00e9os - L&#039;\u00c9cho Philharmonique \u00ab\u00a0Paris\u00a0\u00bb<\/title>\n<meta name=\"robots\" content=\"index, follow, max-snippet:-1, max-image-preview:large, max-video-preview:-1\" \/>\n<link rel=\"canonical\" href=\"https:\/\/echophilparis.fr\/?page_id=137\" \/>\n<meta property=\"og:locale\" content=\"fr_FR\" \/>\n<meta property=\"og:type\" content=\"article\" \/>\n<meta property=\"og:title\" content=\"Vid\u00e9os - L&#039;\u00c9cho Philharmonique \u00ab\u00a0Paris\u00a0\u00bb\" \/>\n<meta property=\"og:description\" content=\"Concerto pour Violon de Mendelssohn &#8211; Janvier 2022 Soliste : Lilya Chifman Dans les steppes de l&rsquo;Asie centrale, Alexandre Borodine &#8211; Confinement, printemps 2020 Concerto pour violoncelle de Saint-Sa\u00ebns &#8211; Eglise Saint-Ambroise, f\u00e9vrier 2020 Soliste Romain Chauvet Concert d&rsquo;\u00e9t\u00e9 au square Gardette \u00e0 Paris, juin 2019 Brahms, S\u00e9r\u00e9nade n\u00b01 Extrait de la Suite Holberg de Lire plus ...\" \/>\n<meta property=\"og:url\" content=\"https:\/\/echophilparis.fr\/?page_id=137\" \/>\n<meta property=\"og:site_name\" content=\"L&#039;\u00c9cho Philharmonique \u00ab\u00a0Paris\u00a0\u00bb\" \/>\n<meta property=\"article:publisher\" content=\"https:\/\/fr-fr.facebook.com\/EchoPhilharmoniqueParis\/\" \/>\n<meta property=\"article:modified_time\" content=\"2022-05-15T13:44:23+00:00\" \/>\n<meta name=\"twitter:card\" content=\"summary_large_image\" \/>\n<meta name=\"twitter:label1\" content=\"Dur\u00e9e de lecture estim\u00e9e\" \/>\n\t<meta name=\"twitter:data1\" content=\"1 minute\" \/>\n<script type=\"application\/ld+json\" class=\"yoast-schema-graph\">{\"@context\":\"https:\\\/\\\/schema.org\",\"@graph\":[{\"@type\":\"WebPage\",\"@id\":\"https:\\\/\\\/echophilparis.fr\\\/?page_id=137\",\"url\":\"https:\\\/\\\/echophilparis.fr\\\/?page_id=137\",\"name\":\"Vid\u00e9os - L&#039;\u00c9cho Philharmonique \u00ab\u00a0Paris\u00a0\u00bb\",\"isPartOf\":{\"@id\":\"https:\\\/\\\/echophilparis.fr\\\/#website\"},\"datePublished\":\"2018-01-14T17:22:09+00:00\",\"dateModified\":\"2022-05-15T13:44:23+00:00\",\"breadcrumb\":{\"@id\":\"https:\\\/\\\/echophilparis.fr\\\/?page_id=137#breadcrumb\"},\"inLanguage\":\"fr-FR\",\"potentialAction\":[{\"@type\":\"ReadAction\",\"target\":[\"https:\\\/\\\/echophilparis.fr\\\/?page_id=137\"]}]},{\"@type\":\"BreadcrumbList\",\"@id\":\"https:\\\/\\\/echophilparis.fr\\\/?page_id=137#breadcrumb\",\"itemListElement\":[{\"@type\":\"ListItem\",\"position\":1,\"name\":\"Accueil\",\"item\":\"https:\\\/\\\/echophilparis.fr\\\/\"},{\"@type\":\"ListItem\",\"position\":2,\"name\":\"Galerie\",\"item\":\"https:\\\/\\\/echophilparis.fr\\\/?page_id=46\"},{\"@type\":\"ListItem\",\"position\":3,\"name\":\"Vid\u00e9os\"}]},{\"@type\":\"WebSite\",\"@id\":\"https:\\\/\\\/echophilparis.fr\\\/#website\",\"url\":\"https:\\\/\\\/echophilparis.fr\\\/\",\"name\":\"\u00c9cho Philharmonique\u00a0Paris\",\"description\":\"Orchestre symphonique amateur\",\"publisher\":{\"@id\":\"https:\\\/\\\/echophilparis.fr\\\/#organization\"},\"potentialAction\":[{\"@type\":\"SearchAction\",\"target\":{\"@type\":\"EntryPoint\",\"urlTemplate\":\"https:\\\/\\\/echophilparis.fr\\\/?s={search_term_string}\"},\"query-input\":{\"@type\":\"PropertyValueSpecification\",\"valueRequired\":true,\"valueName\":\"search_term_string\"}}],\"inLanguage\":\"fr-FR\"},{\"@type\":\"Organization\",\"@id\":\"https:\\\/\\\/echophilparis.fr\\\/#organization\",\"name\":\"L'\u00c9cho Philharmonique \u00ab Paris \u00bb\",\"url\":\"https:\\\/\\\/echophilparis.fr\\\/\",\"logo\":{\"@type\":\"ImageObject\",\"inLanguage\":\"fr-FR\",\"@id\":\"https:\\\/\\\/echophilparis.fr\\\/#\\\/schema\\\/logo\\\/image\\\/\",\"url\":\"\",\"contentUrl\":\"\",\"caption\":\"L'\u00c9cho Philharmonique \u00ab Paris \u00bb\"},\"image\":{\"@id\":\"https:\\\/\\\/echophilparis.fr\\\/#\\\/schema\\\/logo\\\/image\\\/\"},\"sameAs\":[\"https:\\\/\\\/fr-fr.facebook.com\\\/EchoPhilharmoniqueParis\\\/\"]}]}<\/script>\n<!-- \/ Yoast SEO plugin. -->","yoast_head_json":{"title":"Vid\u00e9os - L&#039;\u00c9cho Philharmonique \u00ab\u00a0Paris\u00a0\u00bb","robots":{"index":"index","follow":"follow","max-snippet":"max-snippet:-1","max-image-preview":"max-image-preview:large","max-video-preview":"max-video-preview:-1"},"canonical":"https:\/\/echophilparis.fr\/?page_id=137","og_locale":"fr_FR","og_type":"article","og_title":"Vid\u00e9os - L&#039;\u00c9cho Philharmonique \u00ab\u00a0Paris\u00a0\u00bb","og_description":"Concerto pour Violon de Mendelssohn &#8211; Janvier 2022 Soliste : Lilya Chifman Dans les steppes de l&rsquo;Asie centrale, Alexandre Borodine &#8211; Confinement, printemps 2020 Concerto pour violoncelle de Saint-Sa\u00ebns &#8211; Eglise Saint-Ambroise, f\u00e9vrier 2020 Soliste Romain Chauvet Concert d&rsquo;\u00e9t\u00e9 au square Gardette \u00e0 Paris, juin 2019 Brahms, S\u00e9r\u00e9nade n\u00b01 Extrait de la Suite Holberg de Lire plus ...","og_url":"https:\/\/echophilparis.fr\/?page_id=137","og_site_name":"L&#039;\u00c9cho Philharmonique \u00ab\u00a0Paris\u00a0\u00bb","article_publisher":"https:\/\/fr-fr.facebook.com\/EchoPhilharmoniqueParis\/","article_modified_time":"2022-05-15T13:44:23+00:00","twitter_card":"summary_large_image","twitter_misc":{"Dur\u00e9e de lecture estim\u00e9e":"1 minute"},"schema":{"@context":"https:\/\/schema.org","@graph":[{"@type":"WebPage","@id":"https:\/\/echophilparis.fr\/?page_id=137","url":"https:\/\/echophilparis.fr\/?page_id=137","name":"Vid\u00e9os - L&#039;\u00c9cho Philharmonique \u00ab\u00a0Paris\u00a0\u00bb","isPartOf":{"@id":"https:\/\/echophilparis.fr\/#website"},"datePublished":"2018-01-14T17:22:09+00:00","dateModified":"2022-05-15T13:44:23+00:00","breadcrumb":{"@id":"https:\/\/echophilparis.fr\/?page_id=137#breadcrumb"},"inLanguage":"fr-FR","potentialAction":[{"@type":"ReadAction","target":["https:\/\/echophilparis.fr\/?page_id=137"]}]},{"@type":"BreadcrumbList","@id":"https:\/\/echophilparis.fr\/?page_id=137#breadcrumb","itemListElement":[{"@type":"ListItem","position":1,"name":"Accueil","item":"https:\/\/echophilparis.fr\/"},{"@type":"ListItem","position":2,"name":"Galerie","item":"https:\/\/echophilparis.fr\/?page_id=46"},{"@type":"ListItem","position":3,"name":"Vid\u00e9os"}]},{"@type":"WebSite","@id":"https:\/\/echophilparis.fr\/#website","url":"https:\/\/echophilparis.fr\/","name":"\u00c9cho Philharmonique\u00a0Paris","description":"Orchestre symphonique amateur","publisher":{"@id":"https:\/\/echophilparis.fr\/#organization"},"potentialAction":[{"@type":"SearchAction","target":{"@type":"EntryPoint","urlTemplate":"https:\/\/echophilparis.fr\/?s={search_term_string}"},"query-input":{"@type":"PropertyValueSpecification","valueRequired":true,"valueName":"search_term_string"}}],"inLanguage":"fr-FR"},{"@type":"Organization","@id":"https:\/\/echophilparis.fr\/#organization","name":"L'\u00c9cho Philharmonique \u00ab Paris \u00bb","url":"https:\/\/echophilparis.fr\/","logo":{"@type":"ImageObject","inLanguage":"fr-FR","@id":"https:\/\/echophilparis.fr\/#\/schema\/logo\/image\/","url":"","contentUrl":"","caption":"L'\u00c9cho Philharmonique \u00ab Paris \u00bb"},"image":{"@id":"https:\/\/echophilparis.fr\/#\/schema\/logo\/image\/"},"sameAs":["https:\/\/fr-fr.facebook.com\/EchoPhilharmoniqueParis\/"]}]}},"_links":{"self":[{"href":"https:\/\/echophilparis.fr\/index.php?rest_route=\/wp\/v2\/pages\/137","targetHints":{"allow":["GET"]}}],"collection":[{"href":"https:\/\/echophilparis.fr\/index.php?rest_route=\/wp\/v2\/pages"}],"about":[{"href":"https:\/\/echophilparis.fr\/index.php?rest_route=\/wp\/v2\/types\/page"}],"author":[{"embeddable":true,"href":"https:\/\/echophilparis.fr\/index.php?rest_route=\/wp\/v2\/users\/4"}],"replies":[{"embeddable":true,"href":"https:\/\/echophilparis.fr\/index.php?rest_route=%2Fwp%2Fv2%2Fcomments&post=137"}],"version-history":[{"count":12,"href":"https:\/\/echophilparis.fr\/index.php?rest_route=\/wp\/v2\/pages\/137\/revisions"}],"predecessor-version":[{"id":462,"href":"https:\/\/echophilparis.fr\/index.php?rest_route=\/wp\/v2\/pages\/137\/revisions\/462"}],"up":[{"embeddable":true,"href":"https:\/\/echophilparis.fr\/index.php?rest_route=\/wp\/v2\/pages\/46"}],"wp:attachment":[{"href":"https:\/\/echophilparis.fr\/index.php?rest_route=%2Fwp%2Fv2%2Fmedia&parent=137"}],"curies":[{"name":"wp","href":"https:\/\/api.w.org\/{rel}","templated":true}]}}